{"id":1184,"date":"2026-04-10T06:41:26","date_gmt":"2026-04-10T06:41:26","guid":{"rendered":"https:\/\/congtygandb.com.vn\/?page_id=1184"},"modified":"2026-04-10T08:12:15","modified_gmt":"2026-04-10T08:12:15","slug":"landing-page","status":"publish","type":"page","link":"https:\/\/congtygandb.com.vn\/","title":{"rendered":"Landing page"},"content":{"rendered":"\n\t\t\t\t<p class=\"rs-p-wp-fix\"><\/p>\n\t\t\t\t<sr7-module data-alias=\"slider-1\" data-id=\"2\" id=\"SR7_2_1\" class=\"rs-ov-hidden\" data-version=\"6.7.50\">\n\t\t\t\t\t<sr7-adjuster><\/sr7-adjuster>\n\t\t\t\t\t<sr7-content>\n\t\t\t\t\t\t<sr7-slide id=\"SR7_2_1-3\" data-key=\"3\">\n\t\t\t\t\t\t\t<sr7-bg id=\"SR7_2_1-3-18\" class=\"sr7-layer\"><noscript><img decoding=\"async\" src=\"https:\/\/congtygandb.com.vn\/wp-content\/uploads\/2026\/04\/landing-background-img-1.jpg\" alt=\"\" title=\"landing-background-img 1\"><\/noscript><\/sr7-bg>\n\t\t\t\t\t\t\t<sr7-txt id=\"SR7_2_1-3-3\" class=\"sr7-layer\">G&B Company<\/sr7-txt>\n\t\t\t\t\t\t\t<sr7-txt id=\"SR7_2_1-3-6\" class=\"sr7-layer\">\u0110\u01b0\u1ee3c th\u00e0nh l\u1eadp n\u0103m 2008, v\u1edbi h\u01a1n 10 n\u0103m kinh nghi\u1ec7m cung \u1ee9ng v\u00e0 \u0111\u00e0o t\u1ea1o nh\u00e2n s\u1ef1. Chuy\u00ean t\u1ed5 ch\u1ee9c \u0111\u00e1m c\u01b0\u1edbi danh ngh\u0129a, uy t\u00edn, chuy\u00ean nghi\u1ec7p, b\u1ea3o m\u1eadt tuy\u1ec7t \u0111\u1ed1i, 100% nh\u00e2n s\u1ef1 l\u00e0 c\u00e1n b\u1ed9 c\u00f4ng ch\u1ee9c, \u0111\u1eb7c bi\u1ec7t \u0111\u01b0\u1ee3c r\u1ea5t nhi\u1ec1u c\u00e1c \u0111\u01a1n v\u1ecb, c\u00e1c t\u1ed5 ch\u1ee9c nh\u00e0 n\u01b0\u1edbc Vinh Danh.<\/sr7-txt>\n\t\t\t\t\t\t\t<sr7-txt id=\"SR7_2_1-3-7\" class=\"sr7-layer\"><a class=\"landing-phone\" href=\"tel:0899066566\" rel=\"noopener\"><i class=\"fa fa-phone-alt\"><\/i>0899.066.566<\/a><\/sr7-txt>\n\t\t\t\t\t\t\t<sr7-txt id=\"SR7_2_1-3-8\" class=\"sr7-layer\"><div class=\"socials-group\"><a href=\"tel:0899066566\" class=\"btn-icon\"><i class=\"fa fa-phone-alt\"><\/i><\/a><a href=\"#\" class=\"btn-icon\"><i class=\"fa fa-map-marker\"><\/i><\/a><a href=\"#\" class=\"btn-icon\"><i class=\"fa fa-facebook\"><\/i><\/a><a href=\"#\" class=\"btn-icon\"><i class=\"fa fa-envelope\"><\/i><\/a><\/div><\/sr7-txt>\n\t\t\t\t\t\t<\/sr7-slide>\n\t\t\t\t\t\t<sr7-slide id=\"SR7_2_1-8\" data-key=\"8\">\n\t\t\t\t\t\t\t<sr7-bg id=\"SR7_2_1-8-9\" class=\"sr7-layer\"><noscript><img decoding=\"async\" src=\"https:\/\/congtygandb.com.vn\/wp-content\/uploads\/2026\/04\/landing-background-img-1.jpg\" alt=\"\" title=\"landing-background-img 1\"><\/noscript><\/sr7-bg>\n\t\t\t\t\t\t\t<sr7-txt id=\"SR7_2_1-8-3\" class=\"sr7-layer\">M\u1eabu nh\u00ed n\u01b0\u1edbc ngo\u00e0i<\/sr7-txt>\n\t\t\t\t\t\t\t<sr7-txt id=\"SR7_2_1-8-6\" class=\"sr7-layer\"><p>D\u1ecbch v\u1ee5 cung c\u1ea5p m\u1eabu nh\u00ed n\u01b0\u1edbc ngo\u00e0i v\u1edbi ngo\u1ea1i h\u00ecnh \u0111\u00e1ng y\u00eau, t\u1ef1 nhi\u00ean v\u00e0 kh\u1ea3 n\u0103ng t\u01b0\u01a1ng t\u00e1c t\u1ed1t tr\u01b0\u1edbc \u1ed1ng k\u00ednh. C\u00e1c b\u00e9 \u0111\u01b0\u1ee3c l\u1ef1a ch\u1ecdn k\u1ef9 l\u01b0\u1ee1ng, c\u00f3 kinh nghi\u1ec7m tham gia ch\u1ee5p \u1ea3nh, quay qu\u1ea3ng c\u00e1o v\u00e0 s\u1ef1 ki\u1ec7n, mang \u0111\u1ebfn h\u00ecnh \u1ea3nh trong tr\u1ebbo, chuy\u00ean nghi\u1ec7p v\u00e0 \u0111\u1ea7y c\u1ea3m x\u00fac.<\/p><p>Ch\u00fang t\u00f4i lu\u00f4n \u01b0u ti\u00ean s\u1ef1 an to\u00e0n, tho\u1ea3i m\u00e1i v\u00e0 t\u00e2m l\u00fd c\u1ee7a tr\u1ebb, \u0111\u1ed3ng th\u1eddi h\u1ed7 tr\u1ee3 ekip l\u00e0m vi\u1ec7c hi\u1ec7u qu\u1ea3 \u0111\u1ec3 t\u1ea1o ra nh\u1eefng s\u1ea3n ph\u1ea9m ch\u1ea5t l\u01b0\u1ee3ng cao, ph\u00f9 h\u1ee3p v\u1edbi m\u1ecdi concept t\u1eeb nh\u1eb9 nh\u00e0ng, gia \u0111\u00ecnh \u0111\u1ebfn s\u00e1ng t\u1ea1o ngh\u1ec7 thu\u1eadt.<\/p><\/sr7-txt>\n\t\t\t\t\t\t\t<sr7-txt id=\"SR7_2_1-8-7\" class=\"sr7-layer\"><a class=\"landing-phone\" href=\"tel:0899066566\" rel=\"noopener\"><i class=\"fa fa-phone-alt\"><\/i>0899.066.566<\/a><\/sr7-txt>\n\t\t\t\t\t\t\t<sr7-txt id=\"SR7_2_1-8-8\" class=\"sr7-layer\"><div class=\"socials-group\"><a href=\"tel:0899066566\" class=\"btn-icon\"><i class=\"fa fa-phone-alt\"><\/i><\/a><a href=\"#\" class=\"btn-icon\"><i class=\"fa fa-map-marker\"><\/i><\/a><a href=\"#\" class=\"btn-icon\"><i class=\"fa fa-facebook\"><\/i><\/a><a href=\"#\" class=\"btn-icon\"><i class=\"fa fa-envelope\"><\/i><\/a><\/div><\/sr7-txt>\n\t\t\t\t\t\t<\/sr7-slide>\n\t\t\t\t\t\t<sr7-slide id=\"SR7_2_1-13\" data-key=\"13\">\n\t\t\t\t\t\t\t<sr7-bg id=\"SR7_2_1-13-9\" class=\"sr7-layer\"><noscript><img decoding=\"async\" src=\"https:\/\/congtygandb.com.vn\/wp-content\/uploads\/2026\/04\/landing-background-img-1.jpg\" alt=\"\" title=\"landing-background-img 1\"><\/noscript><\/sr7-bg>\n\t\t\t\t\t\t\t<sr7-txt id=\"SR7_2_1-13-3\" class=\"sr7-layer\">Model n\u01b0\u1edbc ngo\u00e0i<\/sr7-txt>\n\t\t\t\t\t\t\t<sr7-txt id=\"SR7_2_1-13-6\" class=\"sr7-layer\"><p>Cung c\u1ea5p ng\u01b0\u1eddi m\u1eabu n\u01b0\u1edbc ngo\u00e0i v\u1edbi \u0111a d\u1ea1ng phong c\u00e1ch t\u1eeb thanh l\u1ecbch, hi\u1ec7n \u0111\u1ea1i \u0111\u1ebfn c\u00e1 t\u00ednh, ph\u00f9 h\u1ee3p cho ch\u1ee5p \u1ea3nh c\u01b0\u1edbi, qu\u1ea3ng c\u00e1o, s\u1ef1 ki\u1ec7n ho\u1eb7c \u0111\u1ea1i di\u1ec7n h\u00ecnh \u1ea3nh. M\u1ed7i model \u0111\u1ec1u c\u00f3 t\u00e1c phong chuy\u00ean nghi\u1ec7p, kh\u1ea3 n\u0103ng t\u1ea1o d\u00e1ng t\u1ed1t v\u00e0 l\u00e0m vi\u1ec7c linh ho\u1ea1t theo y\u00eau c\u1ea7u.<\/p><p>Ch\u00fang t\u00f4i gi\u00fap b\u1ea1n d\u1ec5 d\u00e0ng l\u1ef1a ch\u1ecdn g\u01b0\u01a1ng m\u1eb7t ph\u00f9 h\u1ee3p v\u1edbi concept, \u0111\u1ed3ng th\u1eddi \u0111\u1ea3m b\u1ea3o qu\u00e1 tr\u00ecnh h\u1ee3p t\u00e1c di\u1ec5n ra su\u00f4n s\u1ebb, \u0111\u00fang ti\u1ebfn \u0111\u1ed9 v\u00e0 mang l\u1ea1i hi\u1ec7u qu\u1ea3 h\u00ecnh \u1ea3nh cao nh\u1ea5t.<\/p><\/sr7-txt>\n\t\t\t\t\t\t\t<sr7-txt id=\"SR7_2_1-13-7\" class=\"sr7-layer\"><a class=\"landing-phone\" href=\"tel:0899066566\" rel=\"noopener\"><i class=\"fa fa-phone-alt\"><\/i>0899.066.566<\/a><\/sr7-txt>\n\t\t\t\t\t\t\t<sr7-txt id=\"SR7_2_1-13-8\" class=\"sr7-layer\"><div class=\"socials-group\"><a href=\"tel:0899066566\" class=\"btn-icon\"><i class=\"fa fa-phone-alt\"><\/i><\/a><a href=\"#\" class=\"btn-icon\"><i class=\"fa fa-map-marker\"><\/i><\/a><a href=\"#\" class=\"btn-icon\"><i class=\"fa fa-facebook\"><\/i><\/a><a href=\"#\" class=\"btn-icon\"><i class=\"fa fa-envelope\"><\/i><\/a><\/div><\/sr7-txt>\n\t\t\t\t\t\t<\/sr7-slide>\n\t\t\t\t\t\t<sr7-slide id=\"SR7_2_1-14\" data-key=\"14\">\n\t\t\t\t\t\t\t<sr7-bg id=\"SR7_2_1-14-9\" class=\"sr7-layer\"><noscript><img decoding=\"async\" src=\"https:\/\/congtygandb.com.vn\/wp-content\/uploads\/2026\/04\/landing-background-img-1.jpg\" alt=\"\" title=\"landing-background-img 1\"><\/noscript><\/sr7-bg>\n\t\t\t\t\t\t\t<sr7-txt id=\"SR7_2_1-14-3\" class=\"sr7-layer\">Dance n\u01b0\u1edbc ngo\u00e0i<\/sr7-txt>\n\t\t\t\t\t\t\t<sr7-txt id=\"SR7_2_1-14-6\" class=\"sr7-layer\"><p>D\u1ecbch v\u1ee5 v\u0169 c\u00f4ng n\u01b0\u1edbc ngo\u00e0i mang \u0111\u1ebfn nh\u1eefng ti\u1ebft m\u1ee5c bi\u1ec3u di\u1ec5n \u1ea5n t\u01b0\u1ee3ng, g\u00f3p ph\u1ea7n t\u1ea1o \u0111i\u1ec3m nh\u1ea5n \u0111\u1eb7c bi\u1ec7t cho ti\u1ec7c c\u01b0\u1edbi v\u00e0 s\u1ef1 ki\u1ec7n. Phong c\u00e1ch \u0111a d\u1ea1ng t\u1eeb nh\u1eb9 nh\u00e0ng, tinh t\u1ebf \u0111\u1ebfn s\u00f4i \u0111\u1ed9ng, hi\u1ec7n \u0111\u1ea1i, ph\u00f9 h\u1ee3p v\u1edbi nhi\u1ec1u kh\u00f4ng gian v\u00e0 ch\u1ee7 \u0111\u1ec1 kh\u00e1c nhau.<\/p><p>\u0110\u1ed9i ng\u0169 dancer \u0111\u01b0\u1ee3c \u0111\u00e0o t\u1ea1o b\u00e0i b\u1ea3n, bi\u1ec3u di\u1ec5n chuy\u00ean nghi\u1ec7p v\u00e0 c\u00f3 kh\u1ea3 n\u0103ng t\u01b0\u01a1ng t\u00e1c t\u1ed1t v\u1edbi kh\u00e1n gi\u1ea3, gi\u00fap kh\u00f4ng kh\u00ed bu\u1ed5i l\u1ec5 tr\u1edf n\u00ean cu\u1ed1n h\u00fat, s\u1ed1ng \u0111\u1ed9ng v\u00e0 \u0111\u00e1ng nh\u1edb h\u01a1n.<\/p><\/sr7-txt>\n\t\t\t\t\t\t\t<sr7-txt id=\"SR7_2_1-14-7\" class=\"sr7-layer\"><a class=\"landing-phone\" href=\"tel:0899066566\" rel=\"noopener\"><i class=\"fa fa-phone-alt\"><\/i>0899.066.566<\/a><\/sr7-txt>\n\t\t\t\t\t\t\t<sr7-txt id=\"SR7_2_1-14-8\" class=\"sr7-layer\"><div class=\"socials-group\"><a href=\"tel:0899066566\" class=\"btn-icon\"><i class=\"fa fa-phone-alt\"><\/i><\/a><a href=\"#\" class=\"btn-icon\"><i class=\"fa fa-map-marker\"><\/i><\/a><a href=\"#\" class=\"btn-icon\"><i class=\"fa fa-facebook\"><\/i><\/a><a href=\"#\" class=\"btn-icon\"><i class=\"fa fa-envelope\"><\/i><\/a><\/div><\/sr7-txt>\n\t\t\t\t\t\t<\/sr7-slide>\n\t\t\t\t\t\t<sr7-slide id=\"SR7_2_1-15\" data-key=\"15\">\n\t\t\t\t\t\t\t<sr7-bg id=\"SR7_2_1-15-9\" class=\"sr7-layer\"><noscript><img decoding=\"async\" src=\"https:\/\/congtygandb.com.vn\/wp-content\/uploads\/2026\/04\/landing-background-img-1.jpg\" alt=\"\" title=\"landing-background-img 1\"><\/noscript><\/sr7-bg>\n\t\t\t\t\t\t\t<sr7-txt id=\"SR7_2_1-15-3\" class=\"sr7-layer\">Di\u1ec5n vi\u00ean n\u01b0\u1edbc ngo\u00e0i<\/sr7-txt>\n\t\t\t\t\t\t\t<sr7-txt id=\"SR7_2_1-15-6\" class=\"sr7-layer\"><p>Ch\u00fang t\u00f4i cung c\u1ea5p d\u1ecbch v\u1ee5 cho thu\u00ea di\u1ec5n vi\u00ean n\u01b0\u1edbc ngo\u00e0i ph\u1ee5c v\u1ee5 c\u00e1c nhu c\u1ea7u quay phim, ch\u1ee5p \u1ea3nh, qu\u1ea3ng c\u00e1o ho\u1eb7c h\u1ed7 tr\u1ee3 k\u1ecbch b\u1ea3n trong s\u1ef1 ki\u1ec7n. Di\u1ec5n vi\u00ean c\u00f3 kinh nghi\u1ec7m di\u1ec5n xu\u1ea5t, bi\u1ec3u c\u1ea3m t\u1ef1 nhi\u00ean v\u00e0 kh\u1ea3 n\u0103ng nh\u1eadp vai linh ho\u1ea1t theo t\u1eebng y\u00eau c\u1ea7u c\u1ee5 th\u1ec3.<\/p><p>M\u1ed7i d\u1ef1 \u00e1n \u0111\u1ec1u \u0111\u01b0\u1ee3c h\u1ed7 tr\u1ee3 t\u01b0 v\u1ea5n k\u1ef9 l\u01b0\u1ee1ng \u0111\u1ec3 \u0111\u1ea3m b\u1ea3o h\u00ecnh \u1ea3nh v\u00e0 n\u1ed9i dung truy\u1ec1n t\u1ea3i \u0111\u00fang th\u00f4ng \u0111i\u1ec7p, \u0111\u1ed3ng th\u1eddi gi\u1eef s\u1ef1 tinh t\u1ebf v\u00e0 chuy\u00ean nghi\u1ec7p trong m\u1ecdi t\u00ecnh hu\u1ed1ng.<\/p><\/sr7-txt>\n\t\t\t\t\t\t\t<sr7-txt id=\"SR7_2_1-15-7\" class=\"sr7-layer\"><a class=\"landing-phone\" href=\"tel:0899066566\" rel=\"noopener\"><i class=\"fa fa-phone-alt\"><\/i>0899.066.566<\/a><\/sr7-txt>\n\t\t\t\t\t\t\t<sr7-txt id=\"SR7_2_1-15-8\" class=\"sr7-layer\"><div class=\"socials-group\"><a href=\"tel:0899066566\" class=\"btn-icon\"><i class=\"fa fa-phone-alt\"><\/i><\/a><a href=\"#\" class=\"btn-icon\"><i class=\"fa fa-map-marker\"><\/i><\/a><a href=\"#\" class=\"btn-icon\"><i class=\"fa fa-facebook\"><\/i><\/a><a href=\"#\" class=\"btn-icon\"><i class=\"fa fa-envelope\"><\/i><\/a><\/div><\/sr7-txt>\n\t\t\t\t\t\t<\/sr7-slide>\n\t\t\t\t\t\t<sr7-slide id=\"SR7_2_1-16\" data-key=\"16\">\n\t\t\t\t\t\t\t<sr7-bg id=\"SR7_2_1-16-9\" class=\"sr7-layer\"><noscript><img decoding=\"async\" src=\"https:\/\/congtygandb.com.vn\/wp-content\/uploads\/2026\/04\/landing-background-img-1.jpg\" alt=\"\" title=\"landing-background-img 1\"><\/noscript><\/sr7-bg>\n\t\t\t\t\t\t\t<sr7-txt id=\"SR7_2_1-16-3\" class=\"sr7-layer\">Ekip n\u01b0\u1edbc ngo\u00e0i<\/sr7-txt>\n\t\t\t\t\t\t\t<sr7-txt id=\"SR7_2_1-16-6\" class=\"sr7-layer\"><p>D\u1ecbch v\u1ee5 cung c\u1ea5p ekip n\u01b0\u1edbc ngo\u00e0i chuy\u00ean nghi\u1ec7p, h\u1ed7 tr\u1ee3 to\u00e0n di\u1ec7n t\u1eeb kh\u00e2u chu\u1ea9n b\u1ecb \u0111\u1ebfn v\u1eadn h\u00e0nh s\u1ef1 ki\u1ec7n. Bao g\u1ed3m \u0111i\u1ec1u ph\u1ed1i, h\u1ed7 tr\u1ee3 hi\u1ec7n tr\u01b0\u1eddng, giao ti\u1ebfp v\u00e0 x\u1eed l\u00fd t\u00ecnh hu\u1ed1ng, gi\u00fap m\u1ecdi ho\u1ea1t \u0111\u1ed9ng di\u1ec5n ra tr\u01a1n tru v\u00e0 hi\u1ec7u qu\u1ea3.<\/p><p>V\u1edbi kinh nghi\u1ec7m l\u00e0m vi\u1ec7c trong nhi\u1ec1u d\u1ef1 \u00e1n kh\u00e1c nhau, ekip lu\u00f4n \u0111\u1ea3m b\u1ea3o s\u1ef1 ch\u1ec9n chu, \u0111\u00fang k\u1ebf ho\u1ea1ch v\u00e0 ph\u00f9 h\u1ee3p v\u1edbi ti\u00eau chu\u1ea9n qu\u1ed1c t\u1ebf, mang l\u1ea1i tr\u1ea3i nghi\u1ec7m d\u1ecbch v\u1ee5 chuy\u00ean nghi\u1ec7p v\u00e0 \u0111\u00e1ng tin c\u1eady cho kh\u00e1ch h\u00e0ng.<\/p><\/sr7-txt>\n\t\t\t\t\t\t\t<sr7-txt id=\"SR7_2_1-16-7\" class=\"sr7-layer\"><a class=\"landing-phone\" href=\"tel:0899066566\" rel=\"noopener\"><i class=\"fa fa-phone-alt\"><\/i>0899.066.566<\/a><\/sr7-txt>\n\t\t\t\t\t\t\t<sr7-txt id=\"SR7_2_1-16-8\" class=\"sr7-layer\"><div class=\"socials-group\"><a href=\"tel:0899066566\" class=\"btn-icon\"><i class=\"fa fa-phone-alt\"><\/i><\/a><a href=\"#\" class=\"btn-icon\"><i class=\"fa fa-map-marker\"><\/i><\/a><a href=\"#\" class=\"btn-icon\"><i class=\"fa fa-facebook\"><\/i><\/a><a href=\"#\" class=\"btn-icon\"><i class=\"fa fa-envelope\"><\/i><\/a><\/div><\/sr7-txt>\n\t\t\t\t\t\t<\/sr7-slide>\n\t\t\t\t\t\t<sr7-slide id=\"SR7_2_1-4\" data-key=\"4\">\n\t\t\t\t\t\t<\/sr7-slide>\n\t\t\t\t\t<\/sr7-content>\n\t\t\t\t\t<image_lists style=\"display:none\">\n\t\t\t\t\t\t<img data-src=\"\/\/congtygandb.com.vn\/wp-content\/uploads\/2026\/04\/Logo.png\" data-libid=\"1193\" data-lib=\"medialibrary\" title=\"Logo\" width=\"0\" height=\"0\" data-dbsrc=\"Ly9jb25ndHlnYW5kYi5jb20udm4vd3AtY29udGVudC91cGxvYWRzLzIwMjYvMDQvTG9nby5wbmc=\"\/>\n\t\t\t\t\t\t<img data-src=\"\/\/congtygandb.com.vn\/wp-content\/uploads\/2026\/04\/Frame-20.png\" data-libid=\"1209\" data-lib=\"medialibrary\" title=\"Frame 20\" width=\"0\" height=\"0\" data-dbsrc=\"Ly9jb25ndHlnYW5kYi5jb20udm4vd3AtY29udGVudC91cGxvYWRzLzIwMjYvMDQvRnJhbWUtMjAucG5n\"\/>\n\t\t\t\t\t\t<img data-src=\"\/\/congtygandb.com.vn\/wp-content\/uploads\/2026\/04\/Rectangle-6-1.png\" data-libid=\"1208\" data-lib=\"medialibrary\" title=\"Rectangle 6\" width=\"0\" height=\"0\" data-dbsrc=\"Ly9jb25ndHlnYW5kYi5jb20udm4vd3AtY29udGVudC91cGxvYWRzLzIwMjYvMDQvUmVjdGFuZ2xlLTYtMS5wbmc=\"\/>\n\t\t\t\t\t\t<img data-src=\"\/\/congtygandb.com.vn\/wp-content\/uploads\/2026\/04\/Rectangle-4.png\" data-libid=\"1207\" data-lib=\"medialibrary\" title=\"Rectangle 4\" width=\"0\" height=\"0\" data-dbsrc=\"Ly9jb25ndHlnYW5kYi5jb20udm4vd3AtY29udGVudC91cGxvYWRzLzIwMjYvMDQvUmVjdGFuZ2xlLTQucG5n\"\/>\n\t\t\t\t\t\t<img data-src=\"\/\/congtygandb.com.vn\/wp-content\/uploads\/2026\/04\/Rectangle-7-1.png\" data-libid=\"1213\" data-lib=\"medialibrary\" title=\"Rectangle 7\" width=\"0\" height=\"0\" data-dbsrc=\"Ly9jb25ndHlnYW5kYi5jb20udm4vd3AtY29udGVudC91cGxvYWRzLzIwMjYvMDQvUmVjdGFuZ2xlLTctMS5wbmc=\"\/>\n\t\t\t\t\t\t<img data-src=\"\/\/congtygandb.com.vn\/wp-content\/uploads\/2026\/04\/Frame-18.png\" data-libid=\"1210\" data-lib=\"medialibrary\" title=\"Frame 18\" width=\"0\" height=\"0\" data-dbsrc=\"Ly9jb25ndHlnYW5kYi5jb20udm4vd3AtY29udGVudC91cGxvYWRzLzIwMjYvMDQvRnJhbWUtMTgucG5n\"\/>\n\t\t\t\t\t\t<img data-src=\"\/\/congtygandb.com.vn\/wp-content\/uploads\/2026\/04\/Frame-19.png\" data-libid=\"1211\" data-lib=\"medialibrary\" title=\"Frame 19\" width=\"0\" height=\"0\" data-dbsrc=\"Ly9jb25ndHlnYW5kYi5jb20udm4vd3AtY29udGVudC91cGxvYWRzLzIwMjYvMDQvRnJhbWUtMTkucG5n\"\/>\n\t\t\t\t\t\t<img data-src=\"\/\/congtygandb.com.vn\/wp-content\/uploads\/2026\/04\/Rectangle-2.png\" data-libid=\"1212\" data-lib=\"medialibrary\" title=\"Rectangle 2\" width=\"0\" height=\"0\" data-dbsrc=\"Ly9jb25ndHlnYW5kYi5jb20udm4vd3AtY29udGVudC91cGxvYWRzLzIwMjYvMDQvUmVjdGFuZ2xlLTIucG5n\"\/>\n\t\t\t\t\t\t<img data-src=\"\/\/congtygandb.com.vn\/wp-content\/uploads\/2026\/04\/landing-background-img-1.jpg\" data-libid=\"1189\" data-lib=\"medialibrary\" title=\"landing-background-img 1\" width=\"0\" height=\"0\" data-dbsrc=\"Ly9jb25ndHlnYW5kYi5jb20udm4vd3AtY29udGVudC91cGxvYWRzLzIwMjYvMDQvbGFuZGluZy1iYWNrZ3JvdW5kLWltZy0xLmpwZw==\"\/>\n\t\t\t\t\t\t<img data-src=\"\/\/congtygandb.com.vn\/wp-content\/uploads\/2026\/04\/pretty-girl.png\" data-libid=\"1190\" data-lib=\"medialibrary\" title=\"pretty-girl\" width=\"0\" height=\"0\" data-dbsrc=\"Ly9jb25ndHlnYW5kYi5jb20udm4vd3AtY29udGVudC91cGxvYWRzLzIwMjYvMDQvcHJldHR5LWdpcmwucG5n\"\/>\n\t\t\t\t\t\t<img data-src=\"\/\/congtygandb.com.vn\/wp-content\/uploads\/2026\/04\/Frame-17-1.jpg\" data-libid=\"1203\" data-lib=\"medialibrary\" title=\"Frame 17 (1)\" width=\"0\" height=\"0\" data-dbsrc=\"Ly9jb25ndHlnYW5kYi5jb20udm4vd3AtY29udGVudC91cGxvYWRzLzIwMjYvMDQvRnJhbWUtMTctMS5qcGc=\"\/>\n\t\t\t\t\t\t<img data-src=\"\/\/congtygandb.com.vn\/wp-content\/uploads\/2026\/04\/Frame-19-1.jpg\" data-libid=\"1204\" data-lib=\"medialibrary\" title=\"Frame 19 (1)\" width=\"0\" height=\"0\" data-dbsrc=\"Ly9jb25ndHlnYW5kYi5jb20udm4vd3AtY29udGVudC91cGxvYWRzLzIwMjYvMDQvRnJhbWUtMTktMS5qcGc=\"\/>\n\t\t\t\t\t\t<img data-src=\"\/\/congtygandb.com.vn\/wp-content\/uploads\/2026\/04\/Frame-20-1.jpg\" data-libid=\"1205\" data-lib=\"medialibrary\" title=\"Frame 20 (1)\" width=\"0\" height=\"0\" data-dbsrc=\"Ly9jb25ndHlnYW5kYi5jb20udm4vd3AtY29udGVudC91cGxvYWRzLzIwMjYvMDQvRnJhbWUtMjAtMS5qcGc=\"\/>\n\t\t\t\t\t\t<img data-src=\"\/\/congtygandb.com.vn\/wp-content\/uploads\/2026\/04\/Frame-21-1.jpg\" data-libid=\"1206\" data-lib=\"medialibrary\" title=\"Frame 21 (1)\" width=\"0\" height=\"0\" data-dbsrc=\"Ly9jb25ndHlnYW5kYi5jb20udm4vd3AtY29udGVudC91cGxvYWRzLzIwMjYvMDQvRnJhbWUtMjEtMS5qcGc=\"\/>\n\t\t\t\t\t<\/image_lists>\n\t\t\t\t<\/sr7-module>\n\t\t\t\t<script>\n\t\t\t\t\twindow.SR7 ??={};SR7.PMH ??={}; SR7.PMH[\"SR7_2_1\"] = {cn:100,state:false,fn: function() { if (_tpt!==undefined && _tpt.prepareModuleHeight !== undefined) {  _tpt.prepareModuleHeight({id:\"SR7_2_1\",el:[920,920,768,700,660],type:'standard',shdw:'0',gh:[920,920,768,700,660],gw:[1920,1920,1200,768,480],vpt:['-100px&#039;,&#039;-100px&#039;,&#039;-100px&#039;,&#039;-100px&#039;,&#039;-100px'],size:{fullWidth:true, fullHeight:true},fho:',0px',mh:'0',onh:0,onw:0,bg:{color:'{\"orig\":\"transparent\",\"type\":\"solid\",\"string\":\"transparent\"}'}});   SR7.PMH[\"SR7_2_1\"].state=true;} else if(SR7.PMH[\"SR7_2_1\"].cn-->0)\tsetTimeout( SR7.PMH[\"SR7_2_1\"].fn,19);}};SR7.PMH[\"SR7_2_1\" ].fn();\n\t\t\t\t<\/script>\n\n","protected":false},"excerpt":{"rendered":"","protected":false},"author":2,"featured_media":0,"parent":0,"menu_order":0,"comment_status":"closed","ping_status":"closed","template":"page-landing.php","meta":{"footnotes":""},"class_list":["post-1184","page","type-page","status-publish","hentry"],"_links":{"self":[{"href":"https:\/\/congtygandb.com.vn\/index.php?rest_route=\/wp\/v2\/pages\/1184","targetHints":{"allow":["GET"]}}],"collection":[{"href":"https:\/\/congtygandb.com.vn\/index.php?rest_route=\/wp\/v2\/pages"}],"about":[{"href":"https:\/\/congtygandb.com.vn\/index.php?rest_route=\/wp\/v2\/types\/page"}],"author":[{"embeddable":true,"href":"https:\/\/congtygandb.com.vn\/index.php?rest_route=\/wp\/v2\/users\/2"}],"replies":[{"embeddable":true,"href":"https:\/\/congtygandb.com.vn\/index.php?rest_route=%2Fwp%2Fv2%2Fcomments&post=1184"}],"version-history":[{"count":5,"href":"https:\/\/congtygandb.com.vn\/index.php?rest_route=\/wp\/v2\/pages\/1184\/revisions"}],"predecessor-version":[{"id":1192,"href":"https:\/\/congtygandb.com.vn\/index.php?rest_route=\/wp\/v2\/pages\/1184\/revisions\/1192"}],"wp:attachment":[{"href":"https:\/\/congtygandb.com.vn\/index.php?rest_route=%2Fwp%2Fv2%2Fmedia&parent=1184"}],"curies":[{"name":"wp","href":"https:\/\/api.w.org\/{rel}","templated":true}]}}